{"id":255,"date":"2026-03-22T17:07:45","date_gmt":"2026-03-22T16:07:45","guid":{"rendered":"https:\/\/web.multistore.hu\/?page_id=255"},"modified":"2026-05-09T01:10:45","modified_gmt":"2026-05-08T23:10:45","slug":"szerviz","status":"publish","type":"page","link":"https:\/\/multistore.hu\/en\/szerviz\/","title":{"rendered":"Service"},"content":{"rendered":"<div data-elementor-type=\"wp-page\" data-elementor-id=\"255\" class=\"elementor elementor-255\">\n\t\t\t\t<div class=\"elementor-element elementor-element-74aa3d0 e-con-full e-flex e-con e-parent\" data-id=\"74aa3d0\" data-element_type=\"container\" data-e-type=\"container\">\n\t\t\t\t<div class=\"elementor-element elementor-element-b97979b elementor-widget elementor-widget-heading\" data-id=\"b97979b\" data-element_type=\"widget\" data-e-type=\"widget\" data-widget_type=\"heading.default\">\n\t\t\t\t\t<h2 class=\"elementor-heading-title elementor-size-default\">Service<\/h2>\t\t\t\t<\/div>\n\t\t<div class=\"elementor-element elementor-element-b2e9d6b e-con-full e-flex e-con e-child\" data-id=\"b2e9d6b\" data-element_type=\"container\" data-e-type=\"container\">\n\t\t\t\t<div class=\"elementor-element elementor-element-612ca41 elementor-widget elementor-widget-spacer\" data-id=\"612ca41\" data-element_type=\"widget\" data-e-type=\"widget\" data-widget_type=\"spacer.default\">\n\t\t\t\t\t\t\t<div class=\"elementor-spacer\">\n\t\t\t<div class=\"elementor-spacer-inner\"><\/div>\n\t\t<\/div>\n\t\t\t\t\t\t<\/div>\n\t\t\t\t<div class=\"elementor-element elementor-element-f286786 elementor-widget__width-inherit elementor-widget elementor-widget-heading\" data-id=\"f286786\" data-element_type=\"widget\" data-e-type=\"widget\" data-widget_type=\"heading.default\">\n\t\t\t\t\t<h5 class=\"elementor-heading-title elementor-size-default\">Repairs and maintenance. Repair, refurbishment, and modification of vending machines with nationwide coverage.<br><br>Payment systems\nInstallation of card, SMS, and online payment solutions.<\/h5>\t\t\t\t<\/div>\n\t\t<div class=\"elementor-element elementor-element-953f96e e-con-full e-flex e-con e-child\" data-id=\"953f96e\" data-element_type=\"container\" data-e-type=\"container\">\n\t\t\t\t<div class=\"elementor-element elementor-element-86c9db6 elementor-widget elementor-widget-heading\" data-id=\"86c9db6\" data-element_type=\"widget\" data-e-type=\"widget\" data-widget_type=\"heading.default\">\n\t\t\t\t\t<h2 class=\"elementor-heading-title elementor-size-default\">We respond within 24 hours of your request.<br>Contact:<\/h2>\t\t\t\t<\/div>\n\t\t\t\t<div class=\"elementor-element elementor-element-4834abf elementor-widget elementor-widget-heading\" data-id=\"4834abf\" data-element_type=\"widget\" data-e-type=\"widget\" data-widget_type=\"heading.default\">\n\t\t\t\t\t<h2 class=\"elementor-heading-title elementor-size-default\">+36 30 496 3695\n<br>multistore@multistore.hu<\/h2>\t\t\t\t<\/div>\n\t\t\t\t<\/div>\n\t\t\t\t<\/div>\n\t\t\t\t<\/div>\n\t\t<div class=\"elementor-element elementor-element-448fe73 e-flex e-con-boxed e-con e-parent\" data-id=\"448fe73\" data-element_type=\"container\" data-e-type=\"container\">\n\t\t\t\t\t<div class=\"e-con-inner\">\n\t\t\t\t<div class=\"elementor-element elementor-element-743334e elementor-widget elementor-widget-spacer\" data-id=\"743334e\" data-element_type=\"widget\" data-e-type=\"widget\" data-widget_type=\"spacer.default\">\n\t\t\t\t\t\t\t<div class=\"elementor-spacer\">\n\t\t\t<div class=\"elementor-spacer-inner\"><\/div>\n\t\t<\/div>\n\t\t\t\t\t\t<\/div>\n\t\t\t\t\t<\/div>\n\t\t\t\t<\/div>\n\t\t<div class=\"elementor-element elementor-element-33fafbc e-flex e-con-boxed e-con e-parent\" data-id=\"33fafbc\" data-element_type=\"container\" data-e-type=\"container\">\n\t\t\t\t\t<div class=\"e-con-inner\">\n\t\t\t\t<div class=\"elementor-element elementor-element-ed002f6 elementor-widget__width-inherit elementor-widget elementor-widget-heading\" data-id=\"ed002f6\" data-element_type=\"widget\" data-e-type=\"widget\" data-widget_type=\"heading.default\">\n\t\t\t\t\t<h2 class=\"elementor-heading-title elementor-size-default\">Let\u00f6lthet\u0151 dokumentumok<\/h2>\t\t\t\t<\/div>\n\t\t\t\t\t<\/div>\n\t\t\t\t<\/div>\n\t\t<div class=\"elementor-element elementor-element-104b695 e-flex e-con-boxed e-con e-parent\" data-id=\"104b695\" data-element_type=\"container\" data-e-type=\"container\">\n\t\t\t\t\t<div class=\"e-con-inner\">\n\t\t\t\t<div class=\"elementor-element elementor-element-6b8c970 elementor-widget elementor-widget-spacer\" data-id=\"6b8c970\" data-element_type=\"widget\" data-e-type=\"widget\" data-widget_type=\"spacer.default\">\n\t\t\t\t\t\t\t<div class=\"elementor-spacer\">\n\t\t\t<div class=\"elementor-spacer-inner\"><\/div>\n\t\t<\/div>\n\t\t\t\t\t\t<\/div>\n\t\t\t\t\t<\/div>\n\t\t\t\t<\/div>\n\t\t<div class=\"elementor-element elementor-element-3291a11 e-con-full e-flex e-con e-parent\" data-id=\"3291a11\" data-element_type=\"container\" data-e-type=\"container\">\n\t\t<div class=\"elementor-element elementor-element-22acbce e-con-full e-flex e-con e-child\" data-id=\"22acbce\" data-element_type=\"container\" data-e-type=\"container\">\n\t\t\t\t<div class=\"elementor-element elementor-element-64b6dd7 elementor-widget elementor-widget-heading\" data-id=\"64b6dd7\" data-element_type=\"widget\" data-e-type=\"widget\" data-widget_type=\"heading.default\">\n\t\t\t\t\t<h2 class=\"elementor-heading-title elementor-size-default\">Munkalap<\/h2>\t\t\t\t<\/div>\n\t\t\t\t<\/div>\n\t\t<div class=\"elementor-element elementor-element-56e2276 e-con-full e-flex e-con e-child\" data-id=\"56e2276\" data-element_type=\"container\" data-e-type=\"container\">\n\t\t\t\t<div class=\"elementor-element elementor-element-aa52c7e elementor-widget elementor-widget-button\" data-id=\"aa52c7e\" data-element_type=\"widget\" data-e-type=\"widget\" data-widget_type=\"button.default\">\n\t\t\t\t\t\t\t\t\t\t<a class=\"elementor-button elementor-button-link elementor-size-sm\" href=\"https:\/\/web.multistore.hu\/wp-content\/uploads\/2026\/04\/munkalap_interaktiv.pdf\" target=\"_blank\">\n\t\t\t\t\t\t<span class=\"elementor-button-content-wrapper\">\n\t\t\t\t\t\t\t\t\t<span class=\"elementor-button-text\">Let\u00f6lt\u00e9s<\/span>\n\t\t\t\t\t<\/span>\n\t\t\t\t\t<\/a>\n\t\t\t\t\t\t\t\t<\/div>\n\t\t\t\t<\/div>\n\t\t\t\t<\/div>\n\t\t<div class=\"elementor-element elementor-element-dd49e2b e-con-full e-flex e-con e-parent\" data-id=\"dd49e2b\" data-element_type=\"container\" data-e-type=\"container\">\n\t\t\t\t<div class=\"elementor-element elementor-element-6e2c159 elementor-widget-divider--view-line elementor-widget elementor-widget-divider\" data-id=\"6e2c159\" data-element_type=\"widget\" data-e-type=\"widget\" data-widget_type=\"divider.default\">\n\t\t\t\t\t\t\t<div class=\"elementor-divider\">\n\t\t\t<span class=\"elementor-divider-separator\">\n\t\t\t\t\t\t<\/span>\n\t\t<\/div>\n\t\t\t\t\t\t<\/div>\n\t\t\t\t<\/div>\n\t\t<div class=\"elementor-element elementor-element-ab61c68 e-con-full e-flex e-con e-parent\" data-id=\"ab61c68\" data-element_type=\"container\" data-e-type=\"container\">\n\t\t<div class=\"elementor-element elementor-element-d8a8377 e-con-full e-flex e-con e-child\" data-id=\"d8a8377\" data-element_type=\"container\" data-e-type=\"container\">\n\t\t\t\t<div class=\"elementor-element elementor-element-e61ce9f elementor-widget elementor-widget-heading\" data-id=\"e61ce9f\" data-element_type=\"widget\" data-e-type=\"widget\" data-widget_type=\"heading.default\">\n\t\t\t\t\t<h2 class=\"elementor-heading-title elementor-size-default\">\u00c1llapot felm\u00e9r\u00e9s<\/h2>\t\t\t\t<\/div>\n\t\t\t\t<\/div>\n\t\t<div class=\"elementor-element elementor-element-7c9c588 e-con-full e-flex e-con e-child\" data-id=\"7c9c588\" data-element_type=\"container\" data-e-type=\"container\">\n\t\t\t\t<div class=\"elementor-element elementor-element-f92456d elementor-widget elementor-widget-button\" data-id=\"f92456d\" data-element_type=\"widget\" data-e-type=\"widget\" data-widget_type=\"button.default\">\n\t\t\t\t\t\t\t\t\t\t<a class=\"elementor-button elementor-button-link elementor-size-sm\" href=\"https:\/\/web.multistore.hu\/wp-content\/uploads\/2026\/04\/allapotfelmeres_int.pdf\" target=\"_blank\">\n\t\t\t\t\t\t<span class=\"elementor-button-content-wrapper\">\n\t\t\t\t\t\t\t\t\t<span class=\"elementor-button-text\">Let\u00f6lt\u00e9s<\/span>\n\t\t\t\t\t<\/span>\n\t\t\t\t\t<\/a>\n\t\t\t\t\t\t\t\t<\/div>\n\t\t\t\t<\/div>\n\t\t\t\t<\/div>\n\t\t<div class=\"elementor-element elementor-element-f57d0f9 e-con-full e-flex e-con e-parent\" data-id=\"f57d0f9\" data-element_type=\"container\" data-e-type=\"container\">\n\t\t\t\t<div class=\"elementor-element elementor-element-d60b4b4 elementor-widget-divider--view-line elementor-widget elementor-widget-divider\" data-id=\"d60b4b4\" data-element_type=\"widget\" data-e-type=\"widget\" data-widget_type=\"divider.default\">\n\t\t\t\t\t\t\t<div class=\"elementor-divider\">\n\t\t\t<span class=\"elementor-divider-separator\">\n\t\t\t\t\t\t<\/span>\n\t\t<\/div>\n\t\t\t\t\t\t<\/div>\n\t\t\t\t<\/div>\n\t\t<div class=\"elementor-element elementor-element-526a0ba e-con-full e-flex e-con e-parent\" data-id=\"526a0ba\" data-element_type=\"container\" data-e-type=\"container\">\n\t\t<div class=\"elementor-element elementor-element-434e9e9 e-con-full e-flex e-con e-child\" data-id=\"434e9e9\" data-element_type=\"container\" data-e-type=\"container\">\n\t\t\t\t<div class=\"elementor-element elementor-element-a5ebd01 elementor-widget elementor-widget-heading\" data-id=\"a5ebd01\" data-element_type=\"widget\" data-e-type=\"widget\" data-widget_type=\"heading.default\">\n\t\t\t\t\t<h2 class=\"elementor-heading-title elementor-size-default\">\u00c1raj\u00e1nlat<\/h2>\t\t\t\t<\/div>\n\t\t\t\t<\/div>\n\t\t<div class=\"elementor-element elementor-element-a97e361 e-con-full e-flex e-con e-child\" data-id=\"a97e361\" data-element_type=\"container\" data-e-type=\"container\">\n\t\t\t\t<div class=\"elementor-element elementor-element-a3028a5 elementor-widget elementor-widget-button\" data-id=\"a3028a5\" data-element_type=\"widget\" data-e-type=\"widget\" data-widget_type=\"button.default\">\n\t\t\t\t\t\t\t\t\t\t<a class=\"elementor-button elementor-button-link elementor-size-sm\" href=\"https:\/\/web.multistore.hu\/wp-content\/uploads\/2026\/04\/arajanlat_mod_v1_interaktiv.pdf\" target=\"_blank\">\n\t\t\t\t\t\t<span class=\"elementor-button-content-wrapper\">\n\t\t\t\t\t\t\t\t\t<span class=\"elementor-button-text\">Let\u00f6lt\u00e9s<\/span>\n\t\t\t\t\t<\/span>\n\t\t\t\t\t<\/a>\n\t\t\t\t\t\t\t\t<\/div>\n\t\t\t\t<\/div>\n\t\t\t\t<\/div>\n\t\t<div class=\"elementor-element elementor-element-0ec6325 e-flex e-con-boxed e-con e-parent\" data-id=\"0ec6325\" data-element_type=\"container\" data-e-type=\"container\">\n\t\t\t\t\t<div class=\"e-con-inner\">\n\t\t\t\t<div class=\"elementor-element elementor-element-e5246c0 elementor-widget elementor-widget-spacer\" data-id=\"e5246c0\" data-element_type=\"widget\" data-e-type=\"widget\" data-widget_type=\"spacer.default\">\n\t\t\t\t\t\t\t<div class=\"elementor-spacer\">\n\t\t\t<div class=\"elementor-spacer-inner\"><\/div>\n\t\t<\/div>\n\t\t\t\t\t\t<\/div>\n\t\t\t\t\t<\/div>\n\t\t\t\t<\/div>\n\t\t<div class=\"elementor-element elementor-element-0ad2694 e-flex e-con-boxed e-con e-parent\" data-id=\"0ad2694\" data-element_type=\"container\" data-e-type=\"container\">\n\t\t\t\t\t<div class=\"e-con-inner\">\n\t\t\t\t<div class=\"elementor-element elementor-element-7a1c313 elementor-widget elementor-widget-spacer\" data-id=\"7a1c313\" data-element_type=\"widget\" data-e-type=\"widget\" data-widget_type=\"spacer.default\">\n\t\t\t\t\t\t\t<div class=\"elementor-spacer\">\n\t\t\t<div class=\"elementor-spacer-inner\"><\/div>\n\t\t<\/div>\n\t\t\t\t\t\t<\/div>\n\t\t\t\t\t<\/div>\n\t\t\t\t<\/div>\n\t\t\t\t<\/div>","protected":false},"excerpt":{"rendered":"<p>Szerviz Jav\u00edt\u00e1s \u00e9s karbantart\u00e1s. Automat\u00e1k jav\u00edt\u00e1sa, fel\u00faj\u00edt\u00e1sa \u00e9s \u00e1talak\u00edt\u00e1sa orsz\u00e1gos lefedetts\u00e9ggel. Fizet\u00e9si rendszerek Bankk\u00e1rty\u00e1s, SMS \u00e9s online fizet\u00e9si megold\u00e1sok telep\u00edt\u00e9se. Bejelent\u00e9st k\u00f6vet\u0151en 24 \u00f3r\u00e1n bel\u00fcl felvessz\u00fck a kapcsolatot.Kapcsolat: +36 30 496 3695 multistore@multistore.hu Let\u00f6lthet\u0151 dokumentumok Munkalap Let\u00f6lt\u00e9s \u00c1llapot felm\u00e9r\u00e9s Let\u00f6lt\u00e9s \u00c1raj\u00e1nlat Let\u00f6lt\u00e9s<\/p>","protected":false},"author":1,"featured_media":0,"parent":0,"menu_order":0,"comment_status":"closed","ping_status":"closed","template":"","meta":{"footnotes":""},"class_list":["post-255","page","type-page","status-publish","hentry"],"_links":{"self":[{"href":"https:\/\/multistore.hu\/en\/wp-json\/wp\/v2\/pages\/255","targetHints":{"allow":["GET"]}}],"collection":[{"href":"https:\/\/multistore.hu\/en\/wp-json\/wp\/v2\/pages"}],"about":[{"href":"https:\/\/multistore.hu\/en\/wp-json\/wp\/v2\/types\/page"}],"author":[{"embeddable":true,"href":"https:\/\/multistore.hu\/en\/wp-json\/wp\/v2\/users\/1"}],"replies":[{"embeddable":true,"href":"https:\/\/multistore.hu\/en\/wp-json\/wp\/v2\/comments?post=255"}],"version-history":[{"count":97,"href":"https:\/\/multistore.hu\/en\/wp-json\/wp\/v2\/pages\/255\/revisions"}],"predecessor-version":[{"id":1256,"href":"https:\/\/multistore.hu\/en\/wp-json\/wp\/v2\/pages\/255\/revisions\/1256"}],"wp:attachment":[{"href":"https:\/\/multistore.hu\/en\/wp-json\/wp\/v2\/media?parent=255"}],"curies":[{"name":"wp","href":"https:\/\/api.w.org\/{rel}","templated":true}]}}